{"id":93,"date":"2024-04-13T14:26:01","date_gmt":"2024-04-13T17:26:01","guid":{"rendered":"https:\/\/limaexavier.com\/?page_id=93"},"modified":"2024-04-14T13:30:33","modified_gmt":"2024-04-14T16:30:33","slug":"joelho","status":"publish","type":"page","link":"https:\/\/limaexavier.com\/index.php\/joelho\/","title":{"rendered":"Joelho"},"content":{"rendered":"<div class=\"wp-block-image is-style-sydney-rounded\">\n<figure class=\"aligncenter size-medium is-resized\"><img loading=\"lazy\" decoding=\"async\" width=\"300\" height=\"274\" src=\"https:\/\/limaexavier.com\/wp-content\/uploads\/2024\/04\/agnalda-logo-300x274.png\" alt=\"\" class=\"wp-image-35\" style=\"width:436px;height:auto\" srcset=\"https:\/\/limaexavier.com\/wp-content\/uploads\/2024\/04\/agnalda-logo-300x274.png 300w, https:\/\/limaexavier.com\/wp-content\/uploads\/2024\/04\/agnalda-logo-230x210.png 230w, https:\/\/limaexavier.com\/wp-content\/uploads\/2024\/04\/agnalda-logo-350x319.png 350w, https:\/\/limaexavier.com\/wp-content\/uploads\/2024\/04\/agnalda-logo-480x438.png 480w, https:\/\/limaexavier.com\/wp-content\/uploads\/2024\/04\/agnalda-logo.png 523w\" sizes=\"(max-width: 300px) 100vw, 300px\" \/><\/figure><\/div>\n\n\n<hr class=\"wp-block-separator has-alpha-channel-opacity\"\/>\n\n\n\n<div style=\"height:100px\" aria-hidden=\"true\" class=\"wp-block-spacer\"><\/div>\n\n\n<div class=\"wp-block-image\">\n<figure class=\"aligncenter size-full is-resized\"><img loading=\"lazy\" decoding=\"async\" width=\"701\" height=\"437\" src=\"https:\/\/limaexavier.com\/wp-content\/uploads\/2024\/04\/JOELHO-2.jpeg\" alt=\"\" class=\"wp-image-57\" style=\"width:791px;height:auto\" srcset=\"https:\/\/limaexavier.com\/wp-content\/uploads\/2024\/04\/JOELHO-2.jpeg 701w, https:\/\/limaexavier.com\/wp-content\/uploads\/2024\/04\/JOELHO-2-300x187.jpeg 300w, https:\/\/limaexavier.com\/wp-content\/uploads\/2024\/04\/JOELHO-2-230x143.jpeg 230w, https:\/\/limaexavier.com\/wp-content\/uploads\/2024\/04\/JOELHO-2-350x218.jpeg 350w, https:\/\/limaexavier.com\/wp-content\/uploads\/2024\/04\/JOELHO-2-480x299.jpeg 480w\" sizes=\"(max-width: 701px) 100vw, 701px\" \/><\/figure><\/div>\n\n\n<h2 class=\"wp-block-heading\">Joelho<\/h2>\n\n\n\n<p>O joelho \u00e9 uma articula\u00e7\u00e3o complexa formada pelas articula\u00e7\u00f5es femoro tibial e patelo femoral.<\/p>\n\n\n\n<p>As les\u00f5es mais comuns do joelho s\u00e3o:<\/p>\n\n\n\n<p>Rompimento do LCA<\/p>\n\n\n\n<p>Rompimento do LCP<\/p>\n\n\n\n<p>Luxa\u00e7\u00e3o patelar<\/p>\n\n\n\n<p>Condromal\u00e1cia patelar<\/p>\n\n\n\n<p>Artrose<\/p>\n\n\n\n<p>Tendinte patelar e les\u00e3o do menisco.<\/p>\n\n\n\n<p>A fisioterapia tem um papel de suma import\u00e2ncia para reduzir o quadro de dor, ganho de movimento e melhora da fun\u00e7\u00e3o.<\/p>\n","protected":false},"excerpt":{"rendered":"<p>Joelho O joelho \u00e9 uma articula\u00e7\u00e3o complexa formada pelas articula\u00e7\u00f5es femoro tibial e patelo femoral. As les\u00f5es mais comuns do joelho s\u00e3o: [&hellip;]<\/p>\n","protected":false},"author":1,"featured_media":0,"parent":0,"menu_order":0,"comment_status":"closed","ping_status":"closed","template":"","meta":{"_monsterinsights_skip_tracking":false,"_monsterinsights_sitenote_active":false,"_monsterinsights_sitenote_note":"","_monsterinsights_sitenote_category":0,"footnotes":""},"aioseo_notices":[],"_links":{"self":[{"href":"https:\/\/limaexavier.com\/index.php\/wp-json\/wp\/v2\/pages\/93"}],"collection":[{"href":"https:\/\/limaexavier.com\/index.php\/wp-json\/wp\/v2\/pages"}],"about":[{"href":"https:\/\/limaexavier.com\/index.php\/wp-json\/wp\/v2\/types\/page"}],"author":[{"embeddable":true,"href":"https:\/\/limaexavier.com\/index.php\/wp-json\/wp\/v2\/users\/1"}],"replies":[{"embeddable":true,"href":"https:\/\/limaexavier.com\/index.php\/wp-json\/wp\/v2\/comments?post=93"}],"version-history":[{"count":2,"href":"https:\/\/limaexavier.com\/index.php\/wp-json\/wp\/v2\/pages\/93\/revisions"}],"predecessor-version":[{"id":105,"href":"https:\/\/limaexavier.com\/index.php\/wp-json\/wp\/v2\/pages\/93\/revisions\/105"}],"wp:attachment":[{"href":"https:\/\/limaexavier.com\/index.php\/wp-json\/wp\/v2\/media?parent=93"}],"curies":[{"name":"wp","href":"https:\/\/api.w.org\/{rel}","templated":true}]}}