{"id":21,"date":"2024-04-13T12:20:14","date_gmt":"2024-04-13T15:20:14","guid":{"rendered":"https:\/\/limaexavier.com\/?page_id=21"},"modified":"2024-09-25T20:14:01","modified_gmt":"2024-09-25T23:14:01","slug":"pagina-inicial","status":"publish","type":"page","link":"https:\/\/limaexavier.com\/","title":{"rendered":"In\u00edcio"},"content":{"rendered":"<div class=\"wp-block-image is-style-sydney-rounded\">\n<figure class=\"aligncenter size-medium is-resized\"><img loading=\"lazy\" decoding=\"async\" width=\"300\" height=\"274\" src=\"https:\/\/limaexavier.com\/wp-content\/uploads\/2024\/04\/agnalda-logo-300x274.png\" alt=\"\" class=\"wp-image-35\" style=\"width:436px;height:auto\" srcset=\"https:\/\/limaexavier.com\/wp-content\/uploads\/2024\/04\/agnalda-logo-300x274.png 300w, https:\/\/limaexavier.com\/wp-content\/uploads\/2024\/04\/agnalda-logo-230x210.png 230w, https:\/\/limaexavier.com\/wp-content\/uploads\/2024\/04\/agnalda-logo-350x319.png 350w, https:\/\/limaexavier.com\/wp-content\/uploads\/2024\/04\/agnalda-logo-480x438.png 480w, https:\/\/limaexavier.com\/wp-content\/uploads\/2024\/04\/agnalda-logo.png 523w\" sizes=\"(max-width: 300px) 100vw, 300px\" \/><\/figure><\/div>\n\n\n<hr class=\"wp-block-separator aligncenter has-alpha-channel-opacity is-style-wide\"\/>\n\n\n\n<div class=\"wp-block-query is-layout-flow wp-block-query-is-layout-flow\"><\/div>\n\n\n<div class=\"wp-block-image is-style-rounded\">\n<figure class=\"aligncenter size-large is-resized\"><img loading=\"lazy\" decoding=\"async\" width=\"1024\" height=\"1024\" src=\"https:\/\/limaexavier.com\/wp-content\/uploads\/2024\/04\/AGNALDA-FOTO-1024x1024.jpeg\" alt=\"\" class=\"wp-image-45\" style=\"width:398px;height:auto\" srcset=\"https:\/\/limaexavier.com\/wp-content\/uploads\/2024\/04\/AGNALDA-FOTO-1024x1024.jpeg 1024w, https:\/\/limaexavier.com\/wp-content\/uploads\/2024\/04\/AGNALDA-FOTO-300x300.jpeg 300w, https:\/\/limaexavier.com\/wp-content\/uploads\/2024\/04\/AGNALDA-FOTO-150x150.jpeg 150w, https:\/\/limaexavier.com\/wp-content\/uploads\/2024\/04\/AGNALDA-FOTO-768x768.jpeg 768w, https:\/\/limaexavier.com\/wp-content\/uploads\/2024\/04\/AGNALDA-FOTO-1000x1000.jpeg 1000w, https:\/\/limaexavier.com\/wp-content\/uploads\/2024\/04\/AGNALDA-FOTO-230x230.jpeg 230w, https:\/\/limaexavier.com\/wp-content\/uploads\/2024\/04\/AGNALDA-FOTO-350x350.jpeg 350w, https:\/\/limaexavier.com\/wp-content\/uploads\/2024\/04\/AGNALDA-FOTO-480x480.jpeg 480w, https:\/\/limaexavier.com\/wp-content\/uploads\/2024\/04\/AGNALDA-FOTO-650x650.jpeg 650w, https:\/\/limaexavier.com\/wp-content\/uploads\/2024\/04\/AGNALDA-FOTO-1300x1300.jpeg 1300w, https:\/\/limaexavier.com\/wp-content\/uploads\/2024\/04\/AGNALDA-FOTO.jpeg 1414w\" sizes=\"(max-width: 1024px) 100vw, 1024px\" \/><\/figure><\/div>\n\n\n<h2 class=\"wp-block-heading has-text-align-center\" id=\"h.mw89gaoxyi5v_l\"><strong>Dra. Agnalda Cordeiro Lima Xavier<\/strong><\/h2>\n\n\n\n<h4 class=\"wp-block-heading has-text-align-center\" id=\"h.tafbnnnfz2yl_l\">CREFITO 3\/211917-F<\/h4>\n\n\n\n<hr class=\"wp-block-separator has-alpha-channel-opacity is-style-wide\"\/>\n\n\n\n<div style=\"height:100px\" aria-hidden=\"true\" class=\"wp-block-spacer\"><\/div>\n\n\n\n<figure class=\"wp-block-gallery has-nested-images columns-default is-cropped wp-block-gallery-1 is-layout-flex wp-block-gallery-is-layout-flex\">\n<figure class=\"wp-block-image size-large\"><a href=\"https:\/\/limaexavier.com\/index.php\/coluna-vertebral\/\"><img loading=\"lazy\" decoding=\"async\" width=\"730\" height=\"321\" data-id=\"56\" src=\"https:\/\/limaexavier.com\/wp-content\/uploads\/2024\/04\/COLUNA-VERTEBRAL.jpeg\" alt=\"\" class=\"wp-image-56\" srcset=\"https:\/\/limaexavier.com\/wp-content\/uploads\/2024\/04\/COLUNA-VERTEBRAL.jpeg 730w, https:\/\/limaexavier.com\/wp-content\/uploads\/2024\/04\/COLUNA-VERTEBRAL-300x132.jpeg 300w, https:\/\/limaexavier.com\/wp-content\/uploads\/2024\/04\/COLUNA-VERTEBRAL-230x101.jpeg 230w, https:\/\/limaexavier.com\/wp-content\/uploads\/2024\/04\/COLUNA-VERTEBRAL-350x154.jpeg 350w, https:\/\/limaexavier.com\/wp-content\/uploads\/2024\/04\/COLUNA-VERTEBRAL-480x211.jpeg 480w\" sizes=\"(max-width: 730px) 100vw, 730px\" \/><\/a><figcaption class=\"wp-element-caption\"><a href=\"https:\/\/limaexavier.com\/index.php\/coluna-vertebral\/\" target=\"_blank\" rel=\"noopener\" title=\"Coluna Vertebral\">Coluna Vertebral<\/a><\/figcaption><\/figure>\n\n\n\n<figure class=\"wp-block-image size-large\"><a href=\"https:\/\/limaexavier.com\/index.php\/quadril\/\"><img loading=\"lazy\" decoding=\"async\" width=\"1024\" height=\"771\" data-id=\"59\" src=\"https:\/\/limaexavier.com\/wp-content\/uploads\/2024\/04\/QUADRIL-1-1024x771.jpeg\" alt=\"\" class=\"wp-image-59\" srcset=\"https:\/\/limaexavier.com\/wp-content\/uploads\/2024\/04\/QUADRIL-1-1024x771.jpeg 1024w, https:\/\/limaexavier.com\/wp-content\/uploads\/2024\/04\/QUADRIL-1-300x226.jpeg 300w, https:\/\/limaexavier.com\/wp-content\/uploads\/2024\/04\/QUADRIL-1-768x578.jpeg 768w, https:\/\/limaexavier.com\/wp-content\/uploads\/2024\/04\/QUADRIL-1-1000x753.jpeg 1000w, https:\/\/limaexavier.com\/wp-content\/uploads\/2024\/04\/QUADRIL-1-230x173.jpeg 230w, https:\/\/limaexavier.com\/wp-content\/uploads\/2024\/04\/QUADRIL-1-350x264.jpeg 350w, https:\/\/limaexavier.com\/wp-content\/uploads\/2024\/04\/QUADRIL-1-480x361.jpeg 480w, https:\/\/limaexavier.com\/wp-content\/uploads\/2024\/04\/QUADRIL-1.jpeg 1036w\" sizes=\"(max-width: 1024px) 100vw, 1024px\" \/><\/a><figcaption class=\"wp-element-caption\"><a href=\"https:\/\/limaexavier.com\/index.php\/quadril\/\" title=\"Quadril\">Quadril<\/a><\/figcaption><\/figure>\n\n\n\n<figure class=\"wp-block-image size-large\"><a href=\"https:\/\/limaexavier.com\/index.php\/joelho\/\"><img loading=\"lazy\" decoding=\"async\" width=\"701\" height=\"437\" data-id=\"57\" src=\"https:\/\/limaexavier.com\/wp-content\/uploads\/2024\/04\/JOELHO-2.jpeg\" alt=\"\" class=\"wp-image-57\" srcset=\"https:\/\/limaexavier.com\/wp-content\/uploads\/2024\/04\/JOELHO-2.jpeg 701w, https:\/\/limaexavier.com\/wp-content\/uploads\/2024\/04\/JOELHO-2-300x187.jpeg 300w, https:\/\/limaexavier.com\/wp-content\/uploads\/2024\/04\/JOELHO-2-230x143.jpeg 230w, https:\/\/limaexavier.com\/wp-content\/uploads\/2024\/04\/JOELHO-2-350x218.jpeg 350w, https:\/\/limaexavier.com\/wp-content\/uploads\/2024\/04\/JOELHO-2-480x299.jpeg 480w\" sizes=\"(max-width: 701px) 100vw, 701px\" \/><\/a><figcaption class=\"wp-element-caption\"><a href=\"https:\/\/limaexavier.com\/index.php\/joelho\/\" title=\"Joelho\">Joelho<\/a><\/figcaption><\/figure>\n<\/figure>\n\n\n\n<figure class=\"wp-block-gallery has-nested-images columns-default is-cropped wp-block-gallery-2 is-layout-flex wp-block-gallery-is-layout-flex\">\n<figure class=\"wp-block-image size-full\"><a href=\"https:\/\/limaexavier.com\/index.php\/cotovelo\/\"><img loading=\"lazy\" decoding=\"async\" width=\"258\" height=\"195\" data-id=\"63\" src=\"https:\/\/limaexavier.com\/wp-content\/uploads\/2024\/04\/COTOVELO.jpeg\" alt=\"\" class=\"wp-image-63\" srcset=\"https:\/\/limaexavier.com\/wp-content\/uploads\/2024\/04\/COTOVELO.jpeg 258w, https:\/\/limaexavier.com\/wp-content\/uploads\/2024\/04\/COTOVELO-230x174.jpeg 230w\" sizes=\"(max-width: 258px) 100vw, 258px\" \/><\/a><figcaption class=\"wp-element-caption\"><a href=\"https:\/\/limaexavier.com\/index.php\/cotovelo\/\" title=\"Cotovelo\">Cotovelo<\/a><\/figcaption><\/figure>\n\n\n\n<figure class=\"wp-block-image size-large\"><a href=\"https:\/\/limaexavier.com\/index.php\/tornozelo\/\"><img loading=\"lazy\" decoding=\"async\" width=\"1024\" height=\"750\" data-id=\"60\" src=\"https:\/\/limaexavier.com\/wp-content\/uploads\/2024\/04\/TORNOZELO-1024x750.jpeg\" alt=\"\" class=\"wp-image-60\" srcset=\"https:\/\/limaexavier.com\/wp-content\/uploads\/2024\/04\/TORNOZELO-1024x750.jpeg 1024w, https:\/\/limaexavier.com\/wp-content\/uploads\/2024\/04\/TORNOZELO-300x220.jpeg 300w, https:\/\/limaexavier.com\/wp-content\/uploads\/2024\/04\/TORNOZELO-768x563.jpeg 768w, https:\/\/limaexavier.com\/wp-content\/uploads\/2024\/04\/TORNOZELO-1000x733.jpeg 1000w, https:\/\/limaexavier.com\/wp-content\/uploads\/2024\/04\/TORNOZELO-230x169.jpeg 230w, https:\/\/limaexavier.com\/wp-content\/uploads\/2024\/04\/TORNOZELO-350x256.jpeg 350w, https:\/\/limaexavier.com\/wp-content\/uploads\/2024\/04\/TORNOZELO-480x352.jpeg 480w, https:\/\/limaexavier.com\/wp-content\/uploads\/2024\/04\/TORNOZELO.jpeg 1048w\" sizes=\"(max-width: 1024px) 100vw, 1024px\" \/><\/a><figcaption class=\"wp-element-caption\"><a href=\"https:\/\/limaexavier.com\/index.php\/tornozelo\/\" title=\"Tornozelo\">Tornozelo<\/a><\/figcaption><\/figure>\n\n\n\n<figure class=\"wp-block-image size-full\"><a href=\"https:\/\/limaexavier.com\/index.php\/punho-e-mao\/\"><img loading=\"lazy\" decoding=\"async\" width=\"630\" height=\"380\" data-id=\"64\" src=\"https:\/\/limaexavier.com\/wp-content\/uploads\/2024\/04\/PUNHO-E-MAO.jpeg\" alt=\"\" class=\"wp-image-64\" srcset=\"https:\/\/limaexavier.com\/wp-content\/uploads\/2024\/04\/PUNHO-E-MAO.jpeg 630w, https:\/\/limaexavier.com\/wp-content\/uploads\/2024\/04\/PUNHO-E-MAO-300x181.jpeg 300w, https:\/\/limaexavier.com\/wp-content\/uploads\/2024\/04\/PUNHO-E-MAO-230x139.jpeg 230w, https:\/\/limaexavier.com\/wp-content\/uploads\/2024\/04\/PUNHO-E-MAO-350x211.jpeg 350w, https:\/\/limaexavier.com\/wp-content\/uploads\/2024\/04\/PUNHO-E-MAO-480x290.jpeg 480w\" sizes=\"(max-width: 630px) 100vw, 630px\" \/><\/a><figcaption class=\"wp-element-caption\"><a href=\"https:\/\/limaexavier.com\/index.php\/punho-e-mao\/\" title=\"Punho e M\u00e3o\">Punho e M\u00e3o<\/a><\/figcaption><\/figure>\n<\/figure>\n\n\n\n<div class=\"wp-block-group is-layout-constrained wp-block-group-is-layout-constrained\"><div class=\"wp-block-group__inner-container\">\n<hr class=\"wp-block-separator has-alpha-channel-opacity is-style-wide\"\/>\n<\/div><\/div>\n\n\n\n<figure class=\"wp-block-gallery has-nested-images columns-default is-cropped wp-block-gallery-3 is-layout-flex wp-block-gallery-is-layout-flex\">\n<figure class=\"wp-block-image size-full\"><a href=\"https:\/\/limaexavier.com\/index.php\/epicondilite-lateral-cotovelo-de-tenista\/\"><img loading=\"lazy\" decoding=\"async\" width=\"1176\" height=\"1176\" data-id=\"68\" src=\"https:\/\/limaexavier.com\/wp-content\/uploads\/2024\/04\/Epicondilite-Lateral-\u2013-Cotovelo-de-tenista.jpeg\" alt=\"\" class=\"wp-image-68\" srcset=\"https:\/\/limaexavier.com\/wp-content\/uploads\/2024\/04\/Epicondilite-Lateral-\u2013-Cotovelo-de-tenista.jpeg 1176w, https:\/\/limaexavier.com\/wp-content\/uploads\/2024\/04\/Epicondilite-Lateral-\u2013-Cotovelo-de-tenista-300x300.jpeg 300w, https:\/\/limaexavier.com\/wp-content\/uploads\/2024\/04\/Epicondilite-Lateral-\u2013-Cotovelo-de-tenista-1024x1024.jpeg 1024w, https:\/\/limaexavier.com\/wp-content\/uploads\/2024\/04\/Epicondilite-Lateral-\u2013-Cotovelo-de-tenista-150x150.jpeg 150w, https:\/\/limaexavier.com\/wp-content\/uploads\/2024\/04\/Epicondilite-Lateral-\u2013-Cotovelo-de-tenista-768x768.jpeg 768w, https:\/\/limaexavier.com\/wp-content\/uploads\/2024\/04\/Epicondilite-Lateral-\u2013-Cotovelo-de-tenista-1000x1000.jpeg 1000w, https:\/\/limaexavier.com\/wp-content\/uploads\/2024\/04\/Epicondilite-Lateral-\u2013-Cotovelo-de-tenista-230x230.jpeg 230w, https:\/\/limaexavier.com\/wp-content\/uploads\/2024\/04\/Epicondilite-Lateral-\u2013-Cotovelo-de-tenista-350x350.jpeg 350w, https:\/\/limaexavier.com\/wp-content\/uploads\/2024\/04\/Epicondilite-Lateral-\u2013-Cotovelo-de-tenista-480x480.jpeg 480w, https:\/\/limaexavier.com\/wp-content\/uploads\/2024\/04\/Epicondilite-Lateral-\u2013-Cotovelo-de-tenista-650x650.jpeg 650w\" sizes=\"(max-width: 1176px) 100vw, 1176px\" \/><\/a><figcaption class=\"wp-element-caption\"><a href=\"https:\/\/limaexavier.com\/index.php\/epicondilite-lateral-cotovelo-de-tenista\/\" title=\"Epicondilite Lateral \u2013 Cotovelo de tenista\">Epicondilite Lateral \u2013 Cotovelo de tenista<\/a><\/figcaption><\/figure>\n\n\n\n<figure class=\"wp-block-image size-full\"><a href=\"https:\/\/limaexavier.com\/index.php\/ombro\/\"><img loading=\"lazy\" decoding=\"async\" width=\"600\" height=\"400\" data-id=\"69\" src=\"https:\/\/limaexavier.com\/wp-content\/uploads\/2024\/04\/OMBRO.jpeg\" alt=\"\" class=\"wp-image-69\" srcset=\"https:\/\/limaexavier.com\/wp-content\/uploads\/2024\/04\/OMBRO.jpeg 600w, https:\/\/limaexavier.com\/wp-content\/uploads\/2024\/04\/OMBRO-300x200.jpeg 300w, https:\/\/limaexavier.com\/wp-content\/uploads\/2024\/04\/OMBRO-230x153.jpeg 230w, https:\/\/limaexavier.com\/wp-content\/uploads\/2024\/04\/OMBRO-350x233.jpeg 350w, https:\/\/limaexavier.com\/wp-content\/uploads\/2024\/04\/OMBRO-480x320.jpeg 480w\" sizes=\"(max-width: 600px) 100vw, 600px\" \/><\/a><figcaption class=\"wp-element-caption\"><a href=\"https:\/\/limaexavier.com\/index.php\/ombro\/\" title=\"Ombro\">Ombro<\/a><\/figcaption><\/figure>\n\n\n\n<figure class=\"wp-block-image size-full\"><a href=\"https:\/\/limaexavier.com\/index.php\/rpg\/\"><img loading=\"lazy\" decoding=\"async\" width=\"640\" height=\"426\" data-id=\"71\" src=\"https:\/\/limaexavier.com\/wp-content\/uploads\/2024\/04\/Rpg.jpeg\" alt=\"\" class=\"wp-image-71\" srcset=\"https:\/\/limaexavier.com\/wp-content\/uploads\/2024\/04\/Rpg.jpeg 640w, https:\/\/limaexavier.com\/wp-content\/uploads\/2024\/04\/Rpg-300x200.jpeg 300w, https:\/\/limaexavier.com\/wp-content\/uploads\/2024\/04\/Rpg-230x153.jpeg 230w, https:\/\/limaexavier.com\/wp-content\/uploads\/2024\/04\/Rpg-350x233.jpeg 350w, https:\/\/limaexavier.com\/wp-content\/uploads\/2024\/04\/Rpg-480x320.jpeg 480w\" sizes=\"(max-width: 640px) 100vw, 640px\" \/><\/a><figcaption class=\"wp-element-caption\"><a href=\"https:\/\/limaexavier.com\/index.php\/rpg\/\" title=\"RPG\">RPG<\/a><\/figcaption><\/figure>\n<\/figure>\n\n\n\n<figure class=\"wp-block-gallery has-nested-images columns-default is-cropped wp-block-gallery-4 is-layout-flex wp-block-gallery-is-layout-flex\">\n<figure class=\"wp-block-image size-full\"><a href=\"https:\/\/limaexavier.com\/index.php\/liberacao-miofascial\/\"><img loading=\"lazy\" decoding=\"async\" width=\"640\" height=\"480\" data-id=\"73\" src=\"https:\/\/limaexavier.com\/wp-content\/uploads\/2024\/04\/Liberacao-miofacial-1.jpeg\" alt=\"\" class=\"wp-image-73\" srcset=\"https:\/\/limaexavier.com\/wp-content\/uploads\/2024\/04\/Liberacao-miofacial-1.jpeg 640w, https:\/\/limaexavier.com\/wp-content\/uploads\/2024\/04\/Liberacao-miofacial-1-300x225.jpeg 300w, https:\/\/limaexavier.com\/wp-content\/uploads\/2024\/04\/Liberacao-miofacial-1-230x173.jpeg 230w, https:\/\/limaexavier.com\/wp-content\/uploads\/2024\/04\/Liberacao-miofacial-1-350x263.jpeg 350w, https:\/\/limaexavier.com\/wp-content\/uploads\/2024\/04\/Liberacao-miofacial-1-480x360.jpeg 480w\" sizes=\"(max-width: 640px) 100vw, 640px\" \/><\/a><figcaption class=\"wp-element-caption\"><a href=\"https:\/\/limaexavier.com\/index.php\/liberacao-miofascial\/\" title=\"Libera\u00e7\u00e3o Miofascial\">Libera\u00e7\u00e3o Miofascial<\/a><\/figcaption><\/figure>\n\n\n\n<figure class=\"wp-block-image size-large\"><a href=\"https:\/\/limaexavier.com\/index.php\/terapia-manual\/\"><img loading=\"lazy\" decoding=\"async\" width=\"1024\" height=\"684\" data-id=\"74\" src=\"https:\/\/limaexavier.com\/wp-content\/uploads\/2024\/04\/Terapia-manual-1024x684.jpeg\" alt=\"\" class=\"wp-image-74\" srcset=\"https:\/\/limaexavier.com\/wp-content\/uploads\/2024\/04\/Terapia-manual-1024x684.jpeg 1024w, https:\/\/limaexavier.com\/wp-content\/uploads\/2024\/04\/Terapia-manual-300x200.jpeg 300w, https:\/\/limaexavier.com\/wp-content\/uploads\/2024\/04\/Terapia-manual-768x513.jpeg 768w, https:\/\/limaexavier.com\/wp-content\/uploads\/2024\/04\/Terapia-manual-1000x668.jpeg 1000w, https:\/\/limaexavier.com\/wp-content\/uploads\/2024\/04\/Terapia-manual-230x154.jpeg 230w, https:\/\/limaexavier.com\/wp-content\/uploads\/2024\/04\/Terapia-manual-350x234.jpeg 350w, https:\/\/limaexavier.com\/wp-content\/uploads\/2024\/04\/Terapia-manual-480x321.jpeg 480w, https:\/\/limaexavier.com\/wp-content\/uploads\/2024\/04\/Terapia-manual.jpeg 1356w\" sizes=\"(max-width: 1024px) 100vw, 1024px\" \/><\/a><figcaption class=\"wp-element-caption\"><a href=\"https:\/\/limaexavier.com\/index.php\/terapia-manual\/\" title=\"Terapia manual\">Terapia manual<\/a><\/figcaption><\/figure>\n\n\n\n<figure class=\"wp-block-image size-full\"><a href=\"https:\/\/limaexavier.com\/index.php\/traumatologia\/\"><img loading=\"lazy\" decoding=\"async\" width=\"669\" height=\"458\" data-id=\"75\" src=\"https:\/\/limaexavier.com\/wp-content\/uploads\/2024\/04\/Traumatologia.jpeg\" alt=\"\" class=\"wp-image-75\" srcset=\"https:\/\/limaexavier.com\/wp-content\/uploads\/2024\/04\/Traumatologia.jpeg 669w, https:\/\/limaexavier.com\/wp-content\/uploads\/2024\/04\/Traumatologia-300x205.jpeg 300w, https:\/\/limaexavier.com\/wp-content\/uploads\/2024\/04\/Traumatologia-230x157.jpeg 230w, https:\/\/limaexavier.com\/wp-content\/uploads\/2024\/04\/Traumatologia-350x240.jpeg 350w, https:\/\/limaexavier.com\/wp-content\/uploads\/2024\/04\/Traumatologia-480x329.jpeg 480w\" sizes=\"(max-width: 669px) 100vw, 669px\" \/><\/a><figcaption class=\"wp-element-caption\"><a href=\"https:\/\/limaexavier.com\/index.php\/traumatologia\/\" title=\"Traumatologia\">Traumatologia<\/a><\/figcaption><\/figure>\n<\/figure>\n\n\n\n<figure class=\"wp-block-gallery has-nested-images columns-default is-cropped wp-block-gallery-5 is-layout-flex wp-block-gallery-is-layout-flex\">\n<figure class=\"wp-block-image size-full\"><a href=\"https:\/\/limaexavier.com\/index.php\/dry-needling-ou-agulhamento-seco\/\"><img loading=\"lazy\" decoding=\"async\" width=\"1600\" height=\"1600\" data-id=\"199\" src=\"https:\/\/limaexavier.com\/wp-content\/uploads\/2024\/09\/Dry-Needling-ou-Agulhamento-Seco-1.jpeg\" alt=\"\" class=\"wp-image-199\" srcset=\"https:\/\/limaexavier.com\/wp-content\/uploads\/2024\/09\/Dry-Needling-ou-Agulhamento-Seco-1.jpeg 1600w, https:\/\/limaexavier.com\/wp-content\/uploads\/2024\/09\/Dry-Needling-ou-Agulhamento-Seco-1-300x300.jpeg 300w, https:\/\/limaexavier.com\/wp-content\/uploads\/2024\/09\/Dry-Needling-ou-Agulhamento-Seco-1-1024x1024.jpeg 1024w, https:\/\/limaexavier.com\/wp-content\/uploads\/2024\/09\/Dry-Needling-ou-Agulhamento-Seco-1-150x150.jpeg 150w, https:\/\/limaexavier.com\/wp-content\/uploads\/2024\/09\/Dry-Needling-ou-Agulhamento-Seco-1-768x768.jpeg 768w, https:\/\/limaexavier.com\/wp-content\/uploads\/2024\/09\/Dry-Needling-ou-Agulhamento-Seco-1-1536x1536.jpeg 1536w, https:\/\/limaexavier.com\/wp-content\/uploads\/2024\/09\/Dry-Needling-ou-Agulhamento-Seco-1-1000x1000.jpeg 1000w, https:\/\/limaexavier.com\/wp-content\/uploads\/2024\/09\/Dry-Needling-ou-Agulhamento-Seco-1-230x230.jpeg 230w, https:\/\/limaexavier.com\/wp-content\/uploads\/2024\/09\/Dry-Needling-ou-Agulhamento-Seco-1-350x350.jpeg 350w, https:\/\/limaexavier.com\/wp-content\/uploads\/2024\/09\/Dry-Needling-ou-Agulhamento-Seco-1-480x480.jpeg 480w, https:\/\/limaexavier.com\/wp-content\/uploads\/2024\/09\/Dry-Needling-ou-Agulhamento-Seco-1-650x650.jpeg 650w, https:\/\/limaexavier.com\/wp-content\/uploads\/2024\/09\/Dry-Needling-ou-Agulhamento-Seco-1-1300x1300.jpeg 1300w\" sizes=\"(max-width: 1600px) 100vw, 1600px\" \/><\/a><figcaption class=\"wp-element-caption\"><a href=\"https:\/\/limaexavier.com\/index.php\/dry-needling-ou-agulhamento-seco\/\" title=\"Dry Needling ou Agulhamento Seco\"><strong>Dry Needling ou Agulhamento Seco<\/strong><\/a><\/figcaption><\/figure>\n\n\n\n<figure class=\"wp-block-image size-full\"><a href=\"https:\/\/limaexavier.com\/index.php\/ventosa-terapia\/\"><img loading=\"lazy\" decoding=\"async\" width=\"1000\" height=\"667\" data-id=\"202\" src=\"https:\/\/limaexavier.com\/wp-content\/uploads\/2024\/09\/Vestosaterapia.jpeg\" alt=\"\" class=\"wp-image-202\" srcset=\"https:\/\/limaexavier.com\/wp-content\/uploads\/2024\/09\/Vestosaterapia.jpeg 1000w, https:\/\/limaexavier.com\/wp-content\/uploads\/2024\/09\/Vestosaterapia-300x200.jpeg 300w, https:\/\/limaexavier.com\/wp-content\/uploads\/2024\/09\/Vestosaterapia-768x512.jpeg 768w, https:\/\/limaexavier.com\/wp-content\/uploads\/2024\/09\/Vestosaterapia-230x153.jpeg 230w, https:\/\/limaexavier.com\/wp-content\/uploads\/2024\/09\/Vestosaterapia-350x233.jpeg 350w, https:\/\/limaexavier.com\/wp-content\/uploads\/2024\/09\/Vestosaterapia-480x320.jpeg 480w\" sizes=\"(max-width: 1000px) 100vw, 1000px\" \/><\/a><figcaption class=\"wp-element-caption\"><a href=\"https:\/\/limaexavier.com\/index.php\/ventosa-terapia\/\" title=\"Ventosa Terapia\"><a href=\"https:\/\/limaexavier.com\/index.php\/ventosa-terapia\/\" title=\"Ventosa terapia\">Ventosa terapia<\/a><\/a><\/figcaption><\/figure>\n\n\n\n<figure class=\"wp-block-image size-full\"><a href=\"https:\/\/limaexavier.com\/index.php\/articulacao-temporomandibular-atm\/\"><img loading=\"lazy\" decoding=\"async\" width=\"1600\" height=\"1600\" data-id=\"206\" src=\"https:\/\/limaexavier.com\/wp-content\/uploads\/2024\/09\/articulacao-temporomandibular-ATM.jpeg\" alt=\"\" class=\"wp-image-206\" srcset=\"https:\/\/limaexavier.com\/wp-content\/uploads\/2024\/09\/articulacao-temporomandibular-ATM.jpeg 1600w, https:\/\/limaexavier.com\/wp-content\/uploads\/2024\/09\/articulacao-temporomandibular-ATM-300x300.jpeg 300w, https:\/\/limaexavier.com\/wp-content\/uploads\/2024\/09\/articulacao-temporomandibular-ATM-1024x1024.jpeg 1024w, https:\/\/limaexavier.com\/wp-content\/uploads\/2024\/09\/articulacao-temporomandibular-ATM-150x150.jpeg 150w, https:\/\/limaexavier.com\/wp-content\/uploads\/2024\/09\/articulacao-temporomandibular-ATM-768x768.jpeg 768w, https:\/\/limaexavier.com\/wp-content\/uploads\/2024\/09\/articulacao-temporomandibular-ATM-1536x1536.jpeg 1536w, https:\/\/limaexavier.com\/wp-content\/uploads\/2024\/09\/articulacao-temporomandibular-ATM-1000x1000.jpeg 1000w, https:\/\/limaexavier.com\/wp-content\/uploads\/2024\/09\/articulacao-temporomandibular-ATM-230x230.jpeg 230w, https:\/\/limaexavier.com\/wp-content\/uploads\/2024\/09\/articulacao-temporomandibular-ATM-350x350.jpeg 350w, https:\/\/limaexavier.com\/wp-content\/uploads\/2024\/09\/articulacao-temporomandibular-ATM-480x480.jpeg 480w, https:\/\/limaexavier.com\/wp-content\/uploads\/2024\/09\/articulacao-temporomandibular-ATM-650x650.jpeg 650w, https:\/\/limaexavier.com\/wp-content\/uploads\/2024\/09\/articulacao-temporomandibular-ATM-1300x1300.jpeg 1300w\" sizes=\"(max-width: 1600px) 100vw, 1600px\" \/><\/a><figcaption class=\"wp-element-caption\"><a href=\"https:\/\/limaexavier.com\/index.php\/articulacao-temporomandibular-atm\/\" title=\"articula\u00e7\u00e3o Temporomandibular (ATM)\">Articula\u00e7\u00e3o temporomandibular (ATM)<\/a><\/figcaption><\/figure>\n<\/figure>\n\n\n\n<hr class=\"wp-block-separator has-alpha-channel-opacity is-style-wide\"\/>\n\n\n\n<div class=\"wp-block-buttons is-content-justification-center is-layout-flex wp-container-core-buttons-layout-1 wp-block-buttons-is-layout-flex\">\n<div class=\"wp-block-button\"><a class=\"wp-block-button__link wp-element-button\" href=\"https:\/\/api.whatsapp.com\/send?phone=5511949350405&amp;text=Ol%C3%A1%2C%20Gostaria%20de%20agendar%20uma%20sess%C3%A3o\">WhatsApp<\/a><\/div>\n<\/div>\n\n\n\n<hr class=\"wp-block-separator has-alpha-channel-opacity\"\/>\n\n\n\n<p>Tratamentos: p\u00f3s-operat\u00f3rio<\/p>\n\n\n\n<p>Les\u00f5es traum\u00e1ticas acontecem a todo momento e s\u00e3o geradas por impacto externo, muitas vezes envolvendo acidentes, como quedas de altura, luxa\u00e7\u00e3o, pancada, batidas de carro e moto entre outros. Todos esses choques podem causar danos nos ossos, partes moles (ligamentos, m\u00fasculos, tend\u00f5es, nervos e vasos).<\/p>\n\n\n\n<p>A fisioterapia no p\u00f3s-operat\u00f3ria atua com o objetivo de melhorar a fun\u00e7\u00e3o\/for\u00e7a e movimento do membro acometido, al\u00e9m de reduzir quadro inflamat\u00f3rio.<\/p>\n\n\n\n<p>LCA \/ LCP<\/p>\n\n\n\n<p>LER<\/p>\n\n\n\n<p>Menisco<\/p>\n\n\n\n<p>Fratura de mal\u00e9olo<\/p>\n\n\n\n<p>H\u00e9rnia de disco<\/p>\n\n\n\n<p>Artroscopia do ombro\/joelho<\/p>\n\n\n\n<p>Pr\u00f3tese do quadril e joelho<\/p>\n\n\n\n<hr class=\"wp-block-separator has-alpha-channel-opacity\"\/>\n\n\n\n<div style=\"height:100px\" aria-hidden=\"true\" class=\"wp-block-spacer\"><\/div>\n\n\n\n<hr class=\"wp-block-separator has-alpha-channel-opacity\"\/>\n\n\n\n<iframe src=\"https:\/\/www.google.com\/maps\/embed?pb=!1m14!1m8!1m3!1d7310.880144696766!2d-46.639863!3d-23.624406!3m2!1i1024!2i768!4f13.1!3m3!1m2!1s0x94ce5a57a4b450c3%3A0x4f52e53f2a5e424d!2sR.%20Prof.%20Apr%C3%ADgio%20Gonzaga%2C%2078%20-%20S%C3%A3o%20Judas%2C%20S%C3%A3o%20Paulo%20-%20SP%2C%2004303-000!5e0!3m2!1spt-PT!2sbr!4v1713024945374!5m2!1spt-PT!2sbr\" width=\"600\" height=\"450\" style=\"border:0;\" allowfullscreen=\"\" loading=\"lazy\" referrerpolicy=\"no-referrer-when-downgrade\"><\/iframe>\n\n\n\n<p class=\"has-text-align-center\"><strong>R. Prof. Apr\u00edgio Gonzaga, 78 &#8211; sala 33\/34 &#8211; S\u00e3o Judas &#8211; SP<\/strong><\/p>\n\n\n\n<div class=\"wp-block-group alignfull has-text-color has-background is-layout-flow wp-block-group-is-layout-flow\" style=\"color:#000000;background-color:#ffffff\"><div class=\"wp-block-group__inner-container\">\n<div style=\"height:64px\" aria-hidden=\"true\" class=\"wp-block-spacer\"><\/div>\n\n\n\n<hr class=\"wp-block-separator has-alpha-channel-opacity\"\/>\n\n\n\n<p class=\"has-text-align-center has-small-font-size\" style=\"line-height:.9\"><strong>Entre em contato<\/strong><\/p>\n\n\n\n<h2 class=\"wp-block-heading has-text-align-center\" id=\"schedule-a-visit\" style=\"font-size:59px;line-height:1.15\"><strong>Agende uma visita<\/strong><\/h2>\n\n\n\n<div class=\"wp-block-buttons is-horizontal is-content-justification-center is-layout-flex wp-container-core-buttons-layout-2 wp-block-buttons-is-layout-flex\">\n<div class=\"wp-block-button has-custom-width wp-block-button__width-50\"><a class=\"wp-block-button__link has-text-color has-background wp-element-button\" href=\"https:\/\/api.whatsapp.com\/send?phone=5511949350405&amp;text=Ol%C3%A1%2C%20Gostaria%20de%20agendar%20uma%20sess%C3%A3o\" style=\"border-radius:50px;color:#ffffff;background-color:#000000\">CONTATE-NOS<\/a><\/div>\n<\/div>\n\n\n\n<div style=\"height:64px\" aria-hidden=\"true\" class=\"wp-block-spacer\"><\/div>\n<\/div><\/div>\n","protected":false},"excerpt":{"rendered":"<p>Dra. Agnalda Cordeiro Lima Xavier CREFITO 3\/211917-F Tratamentos: p\u00f3s-operat\u00f3rio Les\u00f5es traum\u00e1ticas acontecem a todo momento e s\u00e3o geradas por impacto externo, muitas [&hellip;]<\/p>\n","protected":false},"author":1,"featured_media":0,"parent":0,"menu_order":0,"comment_status":"closed","ping_status":"closed","template":"","meta":{"_monsterinsights_skip_tracking":false,"_monsterinsights_sitenote_active":false,"_monsterinsights_sitenote_note":"","_monsterinsights_sitenote_category":0,"footnotes":""},"aioseo_notices":[],"_links":{"self":[{"href":"https:\/\/limaexavier.com\/index.php\/wp-json\/wp\/v2\/pages\/21"}],"collection":[{"href":"https:\/\/limaexavier.com\/index.php\/wp-json\/wp\/v2\/pages"}],"about":[{"href":"https:\/\/limaexavier.com\/index.php\/wp-json\/wp\/v2\/types\/page"}],"author":[{"embeddable":true,"href":"https:\/\/limaexavier.com\/index.php\/wp-json\/wp\/v2\/users\/1"}],"replies":[{"embeddable":true,"href":"https:\/\/limaexavier.com\/index.php\/wp-json\/wp\/v2\/comments?post=21"}],"version-history":[{"count":37,"href":"https:\/\/limaexavier.com\/index.php\/wp-json\/wp\/v2\/pages\/21\/revisions"}],"predecessor-version":[{"id":211,"href":"https:\/\/limaexavier.com\/index.php\/wp-json\/wp\/v2\/pages\/21\/revisions\/211"}],"wp:attachment":[{"href":"https:\/\/limaexavier.com\/index.php\/wp-json\/wp\/v2\/media?parent=21"}],"curies":[{"name":"wp","href":"https:\/\/api.w.org\/{rel}","templated":true}]}}