{"id":186,"date":"2024-09-25T19:58:08","date_gmt":"2024-09-25T22:58:08","guid":{"rendered":"https:\/\/limaexavier.com\/?page_id=186"},"modified":"2024-09-25T20:07:01","modified_gmt":"2024-09-25T23:07:01","slug":"dry-needling-ou-agulhamento-seco","status":"publish","type":"page","link":"https:\/\/limaexavier.com\/index.php\/dry-needling-ou-agulhamento-seco\/","title":{"rendered":"Dry Needling ou Agulhamento Seco"},"content":{"rendered":"<div class=\"wp-block-image is-style-sydney-rounded\">\n<figure class=\"aligncenter size-medium is-resized\"><img loading=\"lazy\" decoding=\"async\" width=\"300\" height=\"274\" src=\"https:\/\/limaexavier.com\/wp-content\/uploads\/2024\/04\/agnalda-logo-300x274.png\" alt=\"\" class=\"wp-image-35\" style=\"width:436px;height:auto\" srcset=\"https:\/\/limaexavier.com\/wp-content\/uploads\/2024\/04\/agnalda-logo-300x274.png 300w, https:\/\/limaexavier.com\/wp-content\/uploads\/2024\/04\/agnalda-logo-230x210.png 230w, https:\/\/limaexavier.com\/wp-content\/uploads\/2024\/04\/agnalda-logo-350x319.png 350w, https:\/\/limaexavier.com\/wp-content\/uploads\/2024\/04\/agnalda-logo-480x438.png 480w, https:\/\/limaexavier.com\/wp-content\/uploads\/2024\/04\/agnalda-logo.png 523w\" sizes=\"(max-width: 300px) 100vw, 300px\" \/><\/figure><\/div>\n\n\n<hr class=\"wp-block-separator has-alpha-channel-opacity\"\/>\n\n\n\n<figure class=\"wp-block-gallery has-nested-images columns-default is-cropped wp-block-gallery-1 is-layout-flex wp-block-gallery-is-layout-flex\">\n<figure class=\"wp-block-image size-large\"><img loading=\"lazy\" decoding=\"async\" width=\"1024\" height=\"1024\" data-id=\"194\" src=\"https:\/\/limaexavier.com\/wp-content\/uploads\/2024\/09\/Dry-Needling-ou-Agulhamento-Seco-1024x1024.jpeg\" alt=\"\" class=\"wp-image-194\" srcset=\"https:\/\/limaexavier.com\/wp-content\/uploads\/2024\/09\/Dry-Needling-ou-Agulhamento-Seco-1024x1024.jpeg 1024w, https:\/\/limaexavier.com\/wp-content\/uploads\/2024\/09\/Dry-Needling-ou-Agulhamento-Seco-300x300.jpeg 300w, https:\/\/limaexavier.com\/wp-content\/uploads\/2024\/09\/Dry-Needling-ou-Agulhamento-Seco-150x150.jpeg 150w, https:\/\/limaexavier.com\/wp-content\/uploads\/2024\/09\/Dry-Needling-ou-Agulhamento-Seco-768x768.jpeg 768w, https:\/\/limaexavier.com\/wp-content\/uploads\/2024\/09\/Dry-Needling-ou-Agulhamento-Seco-1536x1536.jpeg 1536w, https:\/\/limaexavier.com\/wp-content\/uploads\/2024\/09\/Dry-Needling-ou-Agulhamento-Seco-1000x1000.jpeg 1000w, https:\/\/limaexavier.com\/wp-content\/uploads\/2024\/09\/Dry-Needling-ou-Agulhamento-Seco-230x230.jpeg 230w, https:\/\/limaexavier.com\/wp-content\/uploads\/2024\/09\/Dry-Needling-ou-Agulhamento-Seco-350x350.jpeg 350w, https:\/\/limaexavier.com\/wp-content\/uploads\/2024\/09\/Dry-Needling-ou-Agulhamento-Seco-480x480.jpeg 480w, https:\/\/limaexavier.com\/wp-content\/uploads\/2024\/09\/Dry-Needling-ou-Agulhamento-Seco-650x650.jpeg 650w, https:\/\/limaexavier.com\/wp-content\/uploads\/2024\/09\/Dry-Needling-ou-Agulhamento-Seco-1300x1300.jpeg 1300w, https:\/\/limaexavier.com\/wp-content\/uploads\/2024\/09\/Dry-Needling-ou-Agulhamento-Seco.jpeg 1600w\" sizes=\"(max-width: 1024px) 100vw, 1024px\" \/><\/figure>\n<\/figure>\n\n\n\n<hr class=\"wp-block-separator has-alpha-channel-opacity\"\/>\n\n\n\n<div style=\"height:100px\" aria-hidden=\"true\" class=\"wp-block-spacer\"><\/div>\n\n\n\n<p><strong>Dry Needling ou Agulhamento Seco<\/strong><\/p>\n\n\n\n<p>O que \u00e9 Dry Needling ou Agulhamento Seco?<\/p>\n\n\n\n<p><br>O dry needling ou agulhamento seco \u00e9 uma t\u00e9cnica minimamente invasiva considerada de baixo risco associado. O procedimento consiste na inser\u00e7\u00e3o de uma agulha fina aplicada diretamente em um ponto-gatilho miofascial ativo (PGM). Ap\u00f3s a desativa\u00e7\u00e3o desse PGM, a agulha \u00e9 removida da regi\u00e3o.<\/p>\n\n\n\n<p>Como funciona o dry needling?<\/p>\n\n\n\n<p>O dry needling funciona de forma simples e \u00e9 um tratamento complementar cheio de benef\u00edcios. O procedimento envolve uma agulha fina inserida e manipulada pelo profissional especializado por meio da pele, com o objetivo de estimular os pontos gatilho que causam dor, inc\u00f4modo e at\u00e9 mesmo a incapacidade de realizar atividades cotidianas. Durante o tratamento, a agulha penetra no ponto gatilho, que \u00e9 reconhecido ao obter uma contra\u00e7\u00e3o local.<\/p>\n","protected":false},"excerpt":{"rendered":"<p>Dry Needling ou Agulhamento Seco O que \u00e9 Dry Needling ou Agulhamento Seco? O dry needling ou agulhamento seco \u00e9 uma t\u00e9cnica [&hellip;]<\/p>\n","protected":false},"author":1,"featured_media":0,"parent":0,"menu_order":0,"comment_status":"closed","ping_status":"closed","template":"","meta":{"_monsterinsights_skip_tracking":false,"_monsterinsights_sitenote_active":false,"_monsterinsights_sitenote_note":"","_monsterinsights_sitenote_category":0,"footnotes":""},"aioseo_notices":[],"_links":{"self":[{"href":"https:\/\/limaexavier.com\/index.php\/wp-json\/wp\/v2\/pages\/186"}],"collection":[{"href":"https:\/\/limaexavier.com\/index.php\/wp-json\/wp\/v2\/pages"}],"about":[{"href":"https:\/\/limaexavier.com\/index.php\/wp-json\/wp\/v2\/types\/page"}],"author":[{"embeddable":true,"href":"https:\/\/limaexavier.com\/index.php\/wp-json\/wp\/v2\/users\/1"}],"replies":[{"embeddable":true,"href":"https:\/\/limaexavier.com\/index.php\/wp-json\/wp\/v2\/comments?post=186"}],"version-history":[{"count":4,"href":"https:\/\/limaexavier.com\/index.php\/wp-json\/wp\/v2\/pages\/186\/revisions"}],"predecessor-version":[{"id":200,"href":"https:\/\/limaexavier.com\/index.php\/wp-json\/wp\/v2\/pages\/186\/revisions\/200"}],"wp:attachment":[{"href":"https:\/\/limaexavier.com\/index.php\/wp-json\/wp\/v2\/media?parent=186"}],"curies":[{"name":"wp","href":"https:\/\/api.w.org\/{rel}","templated":true}]}}