{"id":138,"date":"2024-04-14T14:18:13","date_gmt":"2024-04-14T17:18:13","guid":{"rendered":"https:\/\/limaexavier.com\/?page_id=138"},"modified":"2024-04-14T14:18:13","modified_gmt":"2024-04-14T17:18:13","slug":"ventosa-terapia","status":"publish","type":"page","link":"https:\/\/limaexavier.com\/index.php\/ventosa-terapia\/","title":{"rendered":"Ventosa terapia"},"content":{"rendered":"<div class=\"wp-block-image is-style-sydney-rounded\">\n<figure class=\"aligncenter size-medium is-resized\"><img loading=\"lazy\" decoding=\"async\" width=\"300\" height=\"274\" src=\"https:\/\/limaexavier.com\/wp-content\/uploads\/2024\/04\/agnalda-logo-300x274.png\" alt=\"\" class=\"wp-image-35\" style=\"width:436px;height:auto\" srcset=\"https:\/\/limaexavier.com\/wp-content\/uploads\/2024\/04\/agnalda-logo-300x274.png 300w, https:\/\/limaexavier.com\/wp-content\/uploads\/2024\/04\/agnalda-logo-230x210.png 230w, https:\/\/limaexavier.com\/wp-content\/uploads\/2024\/04\/agnalda-logo-350x319.png 350w, https:\/\/limaexavier.com\/wp-content\/uploads\/2024\/04\/agnalda-logo-480x438.png 480w, https:\/\/limaexavier.com\/wp-content\/uploads\/2024\/04\/agnalda-logo.png 523w\" sizes=\"(max-width: 300px) 100vw, 300px\" \/><\/figure><\/div>\n\n\n<hr class=\"wp-block-separator has-alpha-channel-opacity\"\/>\n\n\n\n<div style=\"height:100px\" aria-hidden=\"true\" class=\"wp-block-spacer\"><\/div>\n\n\n\n<figure class=\"wp-block-image size-full\"><img loading=\"lazy\" decoding=\"async\" width=\"1000\" height=\"667\" src=\"https:\/\/limaexavier.com\/wp-content\/uploads\/2024\/04\/Vestosaterapia.jpeg\" alt=\"\" class=\"wp-image-137\" srcset=\"https:\/\/limaexavier.com\/wp-content\/uploads\/2024\/04\/Vestosaterapia.jpeg 1000w, https:\/\/limaexavier.com\/wp-content\/uploads\/2024\/04\/Vestosaterapia-300x200.jpeg 300w, https:\/\/limaexavier.com\/wp-content\/uploads\/2024\/04\/Vestosaterapia-768x512.jpeg 768w, https:\/\/limaexavier.com\/wp-content\/uploads\/2024\/04\/Vestosaterapia-230x153.jpeg 230w, https:\/\/limaexavier.com\/wp-content\/uploads\/2024\/04\/Vestosaterapia-350x233.jpeg 350w, https:\/\/limaexavier.com\/wp-content\/uploads\/2024\/04\/Vestosaterapia-480x320.jpeg 480w\" sizes=\"(max-width: 1000px) 100vw, 1000px\" \/><\/figure>\n\n\n\n<h2 class=\"wp-block-heading\">Ventosa terapia<\/h2>\n\n\n\n<p>Ventosa terapia \u00e9 um tratamento natural e seguro, ideal para filtrar, decompor e expelir as toxinas e o sangue residual do organismo. Esta t\u00e9cnica fortalece o metabolismo e resulta numa maior resist\u00eancia com aumento da capacidade natural do corpo para combater e prevenir doen\u00e7as. Relaxar o m\u00fasculo.<\/p>\n","protected":false},"excerpt":{"rendered":"<p>Ventosa terapia Ventosa terapia \u00e9 um tratamento natural e seguro, ideal para filtrar, decompor e expelir as toxinas e o sangue residual [&hellip;]<\/p>\n","protected":false},"author":1,"featured_media":0,"parent":0,"menu_order":0,"comment_status":"closed","ping_status":"closed","template":"","meta":{"_monsterinsights_skip_tracking":false,"_monsterinsights_sitenote_active":false,"_monsterinsights_sitenote_note":"","_monsterinsights_sitenote_category":0,"footnotes":""},"aioseo_notices":[],"_links":{"self":[{"href":"https:\/\/limaexavier.com\/index.php\/wp-json\/wp\/v2\/pages\/138"}],"collection":[{"href":"https:\/\/limaexavier.com\/index.php\/wp-json\/wp\/v2\/pages"}],"about":[{"href":"https:\/\/limaexavier.com\/index.php\/wp-json\/wp\/v2\/types\/page"}],"author":[{"embeddable":true,"href":"https:\/\/limaexavier.com\/index.php\/wp-json\/wp\/v2\/users\/1"}],"replies":[{"embeddable":true,"href":"https:\/\/limaexavier.com\/index.php\/wp-json\/wp\/v2\/comments?post=138"}],"version-history":[{"count":1,"href":"https:\/\/limaexavier.com\/index.php\/wp-json\/wp\/v2\/pages\/138\/revisions"}],"predecessor-version":[{"id":139,"href":"https:\/\/limaexavier.com\/index.php\/wp-json\/wp\/v2\/pages\/138\/revisions\/139"}],"wp:attachment":[{"href":"https:\/\/limaexavier.com\/index.php\/wp-json\/wp\/v2\/media?parent=138"}],"curies":[{"name":"wp","href":"https:\/\/api.w.org\/{rel}","templated":true}]}}