{"id":131,"date":"2024-04-14T14:08:42","date_gmt":"2024-04-14T17:08:42","guid":{"rendered":"https:\/\/limaexavier.com\/?page_id=131"},"modified":"2024-04-14T14:08:42","modified_gmt":"2024-04-14T17:08:42","slug":"liberacao-miofascial","status":"publish","type":"page","link":"https:\/\/limaexavier.com\/index.php\/liberacao-miofascial\/","title":{"rendered":"Libera\u00e7\u00e3o Miofascial"},"content":{"rendered":"<div class=\"wp-block-image is-style-sydney-rounded\">\n<figure class=\"aligncenter size-medium is-resized\"><img loading=\"lazy\" decoding=\"async\" width=\"300\" height=\"274\" src=\"https:\/\/limaexavier.com\/wp-content\/uploads\/2024\/04\/agnalda-logo-300x274.png\" alt=\"\" class=\"wp-image-35\" style=\"width:436px;height:auto\" srcset=\"https:\/\/limaexavier.com\/wp-content\/uploads\/2024\/04\/agnalda-logo-300x274.png 300w, https:\/\/limaexavier.com\/wp-content\/uploads\/2024\/04\/agnalda-logo-230x210.png 230w, https:\/\/limaexavier.com\/wp-content\/uploads\/2024\/04\/agnalda-logo-350x319.png 350w, https:\/\/limaexavier.com\/wp-content\/uploads\/2024\/04\/agnalda-logo-480x438.png 480w, https:\/\/limaexavier.com\/wp-content\/uploads\/2024\/04\/agnalda-logo.png 523w\" sizes=\"(max-width: 300px) 100vw, 300px\" \/><\/figure><\/div>\n\n\n<hr class=\"wp-block-separator has-alpha-channel-opacity\"\/>\n\n\n\n<div style=\"height:100px\" aria-hidden=\"true\" class=\"wp-block-spacer\"><\/div>\n\n\n\n<figure class=\"wp-block-image size-full is-resized\"><img loading=\"lazy\" decoding=\"async\" width=\"640\" height=\"480\" src=\"https:\/\/limaexavier.com\/wp-content\/uploads\/2024\/04\/Liberacao-miofacial.jpeg\" alt=\"\" class=\"wp-image-72\" style=\"width:790px;height:auto\" srcset=\"https:\/\/limaexavier.com\/wp-content\/uploads\/2024\/04\/Liberacao-miofacial.jpeg 640w, https:\/\/limaexavier.com\/wp-content\/uploads\/2024\/04\/Liberacao-miofacial-300x225.jpeg 300w, https:\/\/limaexavier.com\/wp-content\/uploads\/2024\/04\/Liberacao-miofacial-230x173.jpeg 230w, https:\/\/limaexavier.com\/wp-content\/uploads\/2024\/04\/Liberacao-miofacial-350x263.jpeg 350w, https:\/\/limaexavier.com\/wp-content\/uploads\/2024\/04\/Liberacao-miofacial-480x360.jpeg 480w\" sizes=\"(max-width: 640px) 100vw, 640px\" \/><\/figure>\n\n\n\n<h2 class=\"wp-block-heading\">Libera\u00e7\u00e3o Miofascial<\/h2>\n\n\n\n<p>A libera\u00e7\u00e3o miofascial consiste em uma t\u00e9cnica preventiva de les\u00f5es e al\u00edvio de dores musculares, que aplica press\u00e3o em alguns pontos do corpo a fim de liberar a f\u00e1scia (tecido fibroso que recobre os m\u00fasculos do corpo) do m\u00fasculo. <\/p>\n","protected":false},"excerpt":{"rendered":"<p>Libera\u00e7\u00e3o Miofascial A libera\u00e7\u00e3o miofascial consiste em uma t\u00e9cnica preventiva de les\u00f5es e al\u00edvio de dores musculares, que aplica press\u00e3o em alguns [&hellip;]<\/p>\n","protected":false},"author":1,"featured_media":0,"parent":0,"menu_order":0,"comment_status":"closed","ping_status":"closed","template":"","meta":{"_monsterinsights_skip_tracking":false,"_monsterinsights_sitenote_active":false,"_monsterinsights_sitenote_note":"","_monsterinsights_sitenote_category":0,"footnotes":""},"aioseo_notices":[],"_links":{"self":[{"href":"https:\/\/limaexavier.com\/index.php\/wp-json\/wp\/v2\/pages\/131"}],"collection":[{"href":"https:\/\/limaexavier.com\/index.php\/wp-json\/wp\/v2\/pages"}],"about":[{"href":"https:\/\/limaexavier.com\/index.php\/wp-json\/wp\/v2\/types\/page"}],"author":[{"embeddable":true,"href":"https:\/\/limaexavier.com\/index.php\/wp-json\/wp\/v2\/users\/1"}],"replies":[{"embeddable":true,"href":"https:\/\/limaexavier.com\/index.php\/wp-json\/wp\/v2\/comments?post=131"}],"version-history":[{"count":1,"href":"https:\/\/limaexavier.com\/index.php\/wp-json\/wp\/v2\/pages\/131\/revisions"}],"predecessor-version":[{"id":132,"href":"https:\/\/limaexavier.com\/index.php\/wp-json\/wp\/v2\/pages\/131\/revisions\/132"}],"wp:attachment":[{"href":"https:\/\/limaexavier.com\/index.php\/wp-json\/wp\/v2\/media?parent=131"}],"curies":[{"name":"wp","href":"https:\/\/api.w.org\/{rel}","templated":true}]}}