{"id":127,"date":"2024-04-14T14:00:06","date_gmt":"2024-04-14T17:00:06","guid":{"rendered":"https:\/\/limaexavier.com\/?page_id=127"},"modified":"2024-04-14T14:00:06","modified_gmt":"2024-04-14T17:00:06","slug":"ombro","status":"publish","type":"page","link":"https:\/\/limaexavier.com\/index.php\/ombro\/","title":{"rendered":"Ombro"},"content":{"rendered":"\n<p><\/p>\n\n\n<div class=\"wp-block-image is-style-sydney-rounded\">\n<figure class=\"aligncenter size-medium is-resized\"><img loading=\"lazy\" decoding=\"async\" width=\"300\" height=\"274\" src=\"https:\/\/limaexavier.com\/wp-content\/uploads\/2024\/04\/agnalda-logo-300x274.png\" alt=\"\" class=\"wp-image-35\" style=\"width:436px;height:auto\" srcset=\"https:\/\/limaexavier.com\/wp-content\/uploads\/2024\/04\/agnalda-logo-300x274.png 300w, https:\/\/limaexavier.com\/wp-content\/uploads\/2024\/04\/agnalda-logo-230x210.png 230w, https:\/\/limaexavier.com\/wp-content\/uploads\/2024\/04\/agnalda-logo-350x319.png 350w, https:\/\/limaexavier.com\/wp-content\/uploads\/2024\/04\/agnalda-logo-480x438.png 480w, https:\/\/limaexavier.com\/wp-content\/uploads\/2024\/04\/agnalda-logo.png 523w\" sizes=\"(max-width: 300px) 100vw, 300px\" \/><\/figure><\/div>\n\n\n<hr class=\"wp-block-separator has-alpha-channel-opacity\"\/>\n\n\n\n<div style=\"height:100px\" aria-hidden=\"true\" class=\"wp-block-spacer\"><\/div>\n\n\n\n<figure class=\"wp-block-image size-full is-resized\"><img loading=\"lazy\" decoding=\"async\" width=\"600\" height=\"400\" src=\"https:\/\/limaexavier.com\/wp-content\/uploads\/2024\/04\/OMBRO.jpeg\" alt=\"\" class=\"wp-image-69\" style=\"width:790px;height:auto\" srcset=\"https:\/\/limaexavier.com\/wp-content\/uploads\/2024\/04\/OMBRO.jpeg 600w, https:\/\/limaexavier.com\/wp-content\/uploads\/2024\/04\/OMBRO-300x200.jpeg 300w, https:\/\/limaexavier.com\/wp-content\/uploads\/2024\/04\/OMBRO-230x153.jpeg 230w, https:\/\/limaexavier.com\/wp-content\/uploads\/2024\/04\/OMBRO-350x233.jpeg 350w, https:\/\/limaexavier.com\/wp-content\/uploads\/2024\/04\/OMBRO-480x320.jpeg 480w\" sizes=\"(max-width: 600px) 100vw, 600px\" \/><\/figure>\n\n\n\n<h2 class=\"wp-block-heading\">Ombro<\/h2>\n\n\n\n<p>A articula\u00e7\u00e3o do ombro \u00e9 uma das mais complexas e inst\u00e1veis do corpo.<\/p>\n\n\n\n<p>O ombro realiza movimentos amplos e tem muita mobilidade, por isso sofre muitas les\u00f5es causadas por esfor\u00e7os repetitivos e traumas.<\/p>\n\n\n\n<p>As les\u00f5es mais comuns:<\/p>\n\n\n\n<p>Bursite<\/p>\n\n\n\n<p>Artrose<\/p>\n\n\n\n<p>S\u00edndrome do ombro congelado<\/p>\n\n\n\n<p>Luxa\u00e7\u00e3o<\/p>\n\n\n\n<p>Les\u00e3o do Manguito Rotador<\/p>\n\n\n\n<p>Distens\u00e3o muscular<\/p>\n\n\n\n<p>A fisioterapia \u00e9 de extrema import\u00e2ncia para a recupera\u00e7\u00e3o funcional do ombro afetado.<\/p>\n","protected":false},"excerpt":{"rendered":"<p>Ombro A articula\u00e7\u00e3o do ombro \u00e9 uma das mais complexas e inst\u00e1veis do corpo. O ombro realiza movimentos amplos e tem muita [&hellip;]<\/p>\n","protected":false},"author":1,"featured_media":0,"parent":0,"menu_order":0,"comment_status":"closed","ping_status":"closed","template":"","meta":{"_monsterinsights_skip_tracking":false,"_monsterinsights_sitenote_active":false,"_monsterinsights_sitenote_note":"","_monsterinsights_sitenote_category":0,"footnotes":""},"aioseo_notices":[],"_links":{"self":[{"href":"https:\/\/limaexavier.com\/index.php\/wp-json\/wp\/v2\/pages\/127"}],"collection":[{"href":"https:\/\/limaexavier.com\/index.php\/wp-json\/wp\/v2\/pages"}],"about":[{"href":"https:\/\/limaexavier.com\/index.php\/wp-json\/wp\/v2\/types\/page"}],"author":[{"embeddable":true,"href":"https:\/\/limaexavier.com\/index.php\/wp-json\/wp\/v2\/users\/1"}],"replies":[{"embeddable":true,"href":"https:\/\/limaexavier.com\/index.php\/wp-json\/wp\/v2\/comments?post=127"}],"version-history":[{"count":1,"href":"https:\/\/limaexavier.com\/index.php\/wp-json\/wp\/v2\/pages\/127\/revisions"}],"predecessor-version":[{"id":128,"href":"https:\/\/limaexavier.com\/index.php\/wp-json\/wp\/v2\/pages\/127\/revisions\/128"}],"wp:attachment":[{"href":"https:\/\/limaexavier.com\/index.php\/wp-json\/wp\/v2\/media?parent=127"}],"curies":[{"name":"wp","href":"https:\/\/api.w.org\/{rel}","templated":true}]}}