{"id":124,"date":"2024-04-14T13:56:35","date_gmt":"2024-04-14T16:56:35","guid":{"rendered":"https:\/\/limaexavier.com\/?page_id=124"},"modified":"2024-04-14T13:56:35","modified_gmt":"2024-04-14T16:56:35","slug":"epicondilite-lateral-cotovelo-de-tenista","status":"publish","type":"page","link":"https:\/\/limaexavier.com\/index.php\/epicondilite-lateral-cotovelo-de-tenista\/","title":{"rendered":"Epicondilite Lateral \u2013 Cotovelo de tenista"},"content":{"rendered":"<div class=\"wp-block-image is-style-sydney-rounded\">\n<figure class=\"aligncenter size-medium is-resized\"><img loading=\"lazy\" decoding=\"async\" width=\"300\" height=\"274\" src=\"https:\/\/limaexavier.com\/wp-content\/uploads\/2024\/04\/agnalda-logo-300x274.png\" alt=\"\" class=\"wp-image-35\" style=\"width:436px;height:auto\" srcset=\"https:\/\/limaexavier.com\/wp-content\/uploads\/2024\/04\/agnalda-logo-300x274.png 300w, https:\/\/limaexavier.com\/wp-content\/uploads\/2024\/04\/agnalda-logo-230x210.png 230w, https:\/\/limaexavier.com\/wp-content\/uploads\/2024\/04\/agnalda-logo-350x319.png 350w, https:\/\/limaexavier.com\/wp-content\/uploads\/2024\/04\/agnalda-logo-480x438.png 480w, https:\/\/limaexavier.com\/wp-content\/uploads\/2024\/04\/agnalda-logo.png 523w\" sizes=\"(max-width: 300px) 100vw, 300px\" \/><\/figure><\/div>\n\n\n<hr class=\"wp-block-separator has-alpha-channel-opacity\"\/>\n\n\n\n<div style=\"height:100px\" aria-hidden=\"true\" class=\"wp-block-spacer\"><\/div>\n\n\n\n<figure class=\"wp-block-image size-large\"><img loading=\"lazy\" decoding=\"async\" width=\"1024\" height=\"1024\" src=\"https:\/\/limaexavier.com\/wp-content\/uploads\/2024\/04\/Epicondilite-Lateral-\u2013-Cotovelo-de-tenista-1024x1024.jpeg\" alt=\"\" class=\"wp-image-68\" srcset=\"https:\/\/limaexavier.com\/wp-content\/uploads\/2024\/04\/Epicondilite-Lateral-\u2013-Cotovelo-de-tenista-1024x1024.jpeg 1024w, https:\/\/limaexavier.com\/wp-content\/uploads\/2024\/04\/Epicondilite-Lateral-\u2013-Cotovelo-de-tenista-300x300.jpeg 300w, https:\/\/limaexavier.com\/wp-content\/uploads\/2024\/04\/Epicondilite-Lateral-\u2013-Cotovelo-de-tenista-150x150.jpeg 150w, https:\/\/limaexavier.com\/wp-content\/uploads\/2024\/04\/Epicondilite-Lateral-\u2013-Cotovelo-de-tenista-768x768.jpeg 768w, https:\/\/limaexavier.com\/wp-content\/uploads\/2024\/04\/Epicondilite-Lateral-\u2013-Cotovelo-de-tenista-1000x1000.jpeg 1000w, https:\/\/limaexavier.com\/wp-content\/uploads\/2024\/04\/Epicondilite-Lateral-\u2013-Cotovelo-de-tenista-230x230.jpeg 230w, https:\/\/limaexavier.com\/wp-content\/uploads\/2024\/04\/Epicondilite-Lateral-\u2013-Cotovelo-de-tenista-350x350.jpeg 350w, https:\/\/limaexavier.com\/wp-content\/uploads\/2024\/04\/Epicondilite-Lateral-\u2013-Cotovelo-de-tenista-480x480.jpeg 480w, https:\/\/limaexavier.com\/wp-content\/uploads\/2024\/04\/Epicondilite-Lateral-\u2013-Cotovelo-de-tenista-650x650.jpeg 650w, https:\/\/limaexavier.com\/wp-content\/uploads\/2024\/04\/Epicondilite-Lateral-\u2013-Cotovelo-de-tenista.jpeg 1176w\" sizes=\"(max-width: 1024px) 100vw, 1024px\" \/><\/figure>\n\n\n\n<h2 class=\"wp-block-heading\">Epicondilite Lateral \u2013 Cotovelo de tenista<\/h2>\n\n\n\n<p>Consiste num problema degenerativo ou tendinopatia na inser\u00e7\u00e3o dos tend\u00f5es extensores dos punhos e dos dedos da regi\u00e3o lateral do bra\u00e7o, mais frequente em pessoas com 35 a 60 anos.<\/p>\n\n\n\n<p>Sintomas:<\/p>\n\n\n\n<p>Dor e fraqueza muscular, a dor pode irradiar para o antebra\u00e7o e o punho. A fraqueza pode tornar dif\u00edcil segurar objetos, apertar as m\u00e3os, girar as ma\u00e7anetas.<\/p>\n\n\n\n<p>Epicondilite medial &#8211;&nbsp; Cotovelo tenista<\/p>\n\n\n\n<p>Pessoas com epicondilite medial sente dor na parte interna do cotovelo, que pode irradiar para o antebra\u00e7o.<\/p>\n\n\n\n<p>A Fisioterapia desempenha um papel importante para reduzir a inflama\u00e7\u00e3o e controlar a dor a fim de recuperar a funcionalidade do cotovelo.<\/p>\n","protected":false},"excerpt":{"rendered":"<p>Epicondilite Lateral \u2013 Cotovelo de tenista Consiste num problema degenerativo ou tendinopatia na inser\u00e7\u00e3o dos tend\u00f5es extensores dos punhos e dos dedos [&hellip;]<\/p>\n","protected":false},"author":1,"featured_media":0,"parent":0,"menu_order":0,"comment_status":"closed","ping_status":"closed","template":"","meta":{"_monsterinsights_skip_tracking":false,"_monsterinsights_sitenote_active":false,"_monsterinsights_sitenote_note":"","_monsterinsights_sitenote_category":0,"footnotes":""},"aioseo_notices":[],"_links":{"self":[{"href":"https:\/\/limaexavier.com\/index.php\/wp-json\/wp\/v2\/pages\/124"}],"collection":[{"href":"https:\/\/limaexavier.com\/index.php\/wp-json\/wp\/v2\/pages"}],"about":[{"href":"https:\/\/limaexavier.com\/index.php\/wp-json\/wp\/v2\/types\/page"}],"author":[{"embeddable":true,"href":"https:\/\/limaexavier.com\/index.php\/wp-json\/wp\/v2\/users\/1"}],"replies":[{"embeddable":true,"href":"https:\/\/limaexavier.com\/index.php\/wp-json\/wp\/v2\/comments?post=124"}],"version-history":[{"count":1,"href":"https:\/\/limaexavier.com\/index.php\/wp-json\/wp\/v2\/pages\/124\/revisions"}],"predecessor-version":[{"id":125,"href":"https:\/\/limaexavier.com\/index.php\/wp-json\/wp\/v2\/pages\/124\/revisions\/125"}],"wp:attachment":[{"href":"https:\/\/limaexavier.com\/index.php\/wp-json\/wp\/v2\/media?parent=124"}],"curies":[{"name":"wp","href":"https:\/\/api.w.org\/{rel}","templated":true}]}}