{"id":120,"date":"2024-04-14T13:52:10","date_gmt":"2024-04-14T16:52:10","guid":{"rendered":"https:\/\/limaexavier.com\/?page_id=120"},"modified":"2024-04-14T13:52:10","modified_gmt":"2024-04-14T16:52:10","slug":"punho-e-mao","status":"publish","type":"page","link":"https:\/\/limaexavier.com\/index.php\/punho-e-mao\/","title":{"rendered":"Punho e M\u00e3o"},"content":{"rendered":"<div class=\"wp-block-image is-style-sydney-rounded\">\n<figure class=\"aligncenter size-medium is-resized\"><img loading=\"lazy\" decoding=\"async\" width=\"300\" height=\"274\" src=\"https:\/\/limaexavier.com\/wp-content\/uploads\/2024\/04\/agnalda-logo-300x274.png\" alt=\"\" class=\"wp-image-35\" style=\"width:436px;height:auto\" srcset=\"https:\/\/limaexavier.com\/wp-content\/uploads\/2024\/04\/agnalda-logo-300x274.png 300w, https:\/\/limaexavier.com\/wp-content\/uploads\/2024\/04\/agnalda-logo-230x210.png 230w, https:\/\/limaexavier.com\/wp-content\/uploads\/2024\/04\/agnalda-logo-350x319.png 350w, https:\/\/limaexavier.com\/wp-content\/uploads\/2024\/04\/agnalda-logo-480x438.png 480w, https:\/\/limaexavier.com\/wp-content\/uploads\/2024\/04\/agnalda-logo.png 523w\" sizes=\"(max-width: 300px) 100vw, 300px\" \/><\/figure><\/div>\n\n\n<hr class=\"wp-block-separator has-alpha-channel-opacity\"\/>\n\n\n\n<div style=\"height:100px\" aria-hidden=\"true\" class=\"wp-block-spacer\"><\/div>\n\n\n\n<figure class=\"wp-block-image size-full is-resized\"><img loading=\"lazy\" decoding=\"async\" width=\"630\" height=\"380\" src=\"https:\/\/limaexavier.com\/wp-content\/uploads\/2024\/04\/PUNHO-E-MAO.jpeg\" alt=\"\" class=\"wp-image-64\" style=\"width:790px;height:auto\" srcset=\"https:\/\/limaexavier.com\/wp-content\/uploads\/2024\/04\/PUNHO-E-MAO.jpeg 630w, https:\/\/limaexavier.com\/wp-content\/uploads\/2024\/04\/PUNHO-E-MAO-300x181.jpeg 300w, https:\/\/limaexavier.com\/wp-content\/uploads\/2024\/04\/PUNHO-E-MAO-230x139.jpeg 230w, https:\/\/limaexavier.com\/wp-content\/uploads\/2024\/04\/PUNHO-E-MAO-350x211.jpeg 350w, https:\/\/limaexavier.com\/wp-content\/uploads\/2024\/04\/PUNHO-E-MAO-480x290.jpeg 480w\" sizes=\"(max-width: 630px) 100vw, 630px\" \/><\/figure>\n\n\n\n<h2 class=\"wp-block-heading\">Punho e M\u00e3o<\/h2>\n\n\n\n<p>Uma les\u00e3o pode causar sintomas como dor, fraqueza, dorm\u00eancia, formigamento e limita\u00e7\u00e3o de amplitude de movimento.<\/p>\n\n\n\n<p>A causa mais comum de dor no cotovelo e trauma por impacto acidental. A dor pode dificultar as atividades rotineiras (comer, tomar banho, vestir-se, entre outros). <\/p>\n","protected":false},"excerpt":{"rendered":"<p>Punho e M\u00e3o Uma les\u00e3o pode causar sintomas como dor, fraqueza, dorm\u00eancia, formigamento e limita\u00e7\u00e3o de amplitude de movimento. A causa mais [&hellip;]<\/p>\n","protected":false},"author":1,"featured_media":0,"parent":0,"menu_order":0,"comment_status":"closed","ping_status":"closed","template":"","meta":{"_monsterinsights_skip_tracking":false,"_monsterinsights_sitenote_active":false,"_monsterinsights_sitenote_note":"","_monsterinsights_sitenote_category":0,"footnotes":""},"aioseo_notices":[],"_links":{"self":[{"href":"https:\/\/limaexavier.com\/index.php\/wp-json\/wp\/v2\/pages\/120"}],"collection":[{"href":"https:\/\/limaexavier.com\/index.php\/wp-json\/wp\/v2\/pages"}],"about":[{"href":"https:\/\/limaexavier.com\/index.php\/wp-json\/wp\/v2\/types\/page"}],"author":[{"embeddable":true,"href":"https:\/\/limaexavier.com\/index.php\/wp-json\/wp\/v2\/users\/1"}],"replies":[{"embeddable":true,"href":"https:\/\/limaexavier.com\/index.php\/wp-json\/wp\/v2\/comments?post=120"}],"version-history":[{"count":1,"href":"https:\/\/limaexavier.com\/index.php\/wp-json\/wp\/v2\/pages\/120\/revisions"}],"predecessor-version":[{"id":122,"href":"https:\/\/limaexavier.com\/index.php\/wp-json\/wp\/v2\/pages\/120\/revisions\/122"}],"wp:attachment":[{"href":"https:\/\/limaexavier.com\/index.php\/wp-json\/wp\/v2\/media?parent=120"}],"curies":[{"name":"wp","href":"https:\/\/api.w.org\/{rel}","templated":true}]}}