{"id":116,"date":"2024-04-14T13:48:19","date_gmt":"2024-04-14T16:48:19","guid":{"rendered":"https:\/\/limaexavier.com\/?page_id=116"},"modified":"2024-04-14T13:48:19","modified_gmt":"2024-04-14T16:48:19","slug":"tornozelo","status":"publish","type":"page","link":"https:\/\/limaexavier.com\/index.php\/tornozelo\/","title":{"rendered":"Tornozelo"},"content":{"rendered":"<div class=\"wp-block-image is-style-sydney-rounded\">\n<figure class=\"aligncenter size-medium is-resized\"><img loading=\"lazy\" decoding=\"async\" width=\"300\" height=\"274\" src=\"https:\/\/limaexavier.com\/wp-content\/uploads\/2024\/04\/agnalda-logo-300x274.png\" alt=\"\" class=\"wp-image-35\" style=\"width:436px;height:auto\" srcset=\"https:\/\/limaexavier.com\/wp-content\/uploads\/2024\/04\/agnalda-logo-300x274.png 300w, https:\/\/limaexavier.com\/wp-content\/uploads\/2024\/04\/agnalda-logo-230x210.png 230w, https:\/\/limaexavier.com\/wp-content\/uploads\/2024\/04\/agnalda-logo-350x319.png 350w, https:\/\/limaexavier.com\/wp-content\/uploads\/2024\/04\/agnalda-logo-480x438.png 480w, https:\/\/limaexavier.com\/wp-content\/uploads\/2024\/04\/agnalda-logo.png 523w\" sizes=\"(max-width: 300px) 100vw, 300px\" \/><\/figure><\/div>\n\n\n<hr class=\"wp-block-separator has-alpha-channel-opacity\"\/>\n\n\n\n<div style=\"height:100px\" aria-hidden=\"true\" class=\"wp-block-spacer\"><\/div>\n\n\n\n<figure class=\"wp-block-image size-large\"><img loading=\"lazy\" decoding=\"async\" width=\"1024\" height=\"750\" src=\"https:\/\/limaexavier.com\/wp-content\/uploads\/2024\/04\/TORNOZELO-1024x750.jpeg\" alt=\"\" class=\"wp-image-60\" srcset=\"https:\/\/limaexavier.com\/wp-content\/uploads\/2024\/04\/TORNOZELO-1024x750.jpeg 1024w, https:\/\/limaexavier.com\/wp-content\/uploads\/2024\/04\/TORNOZELO-300x220.jpeg 300w, https:\/\/limaexavier.com\/wp-content\/uploads\/2024\/04\/TORNOZELO-768x563.jpeg 768w, https:\/\/limaexavier.com\/wp-content\/uploads\/2024\/04\/TORNOZELO-1000x733.jpeg 1000w, https:\/\/limaexavier.com\/wp-content\/uploads\/2024\/04\/TORNOZELO-230x169.jpeg 230w, https:\/\/limaexavier.com\/wp-content\/uploads\/2024\/04\/TORNOZELO-350x256.jpeg 350w, https:\/\/limaexavier.com\/wp-content\/uploads\/2024\/04\/TORNOZELO-480x352.jpeg 480w, https:\/\/limaexavier.com\/wp-content\/uploads\/2024\/04\/TORNOZELO.jpeg 1048w\" sizes=\"(max-width: 1024px) 100vw, 1024px\" \/><\/figure>\n\n\n\n<h2 class=\"wp-block-heading\">Tornozelo &#8211; P\u00e9<\/h2>\n\n\n\n<p>A articula\u00e7\u00e3o do tornozelo \u00e9 formada pelos ossos da perna (t\u00edbia, f\u00edbula) e tatus.<\/p>\n\n\n\n<p>A les\u00e3o mais comum do tornozelo s\u00e3o as tor\u00e7\u00f5es ou entorses.<\/p>\n\n\n\n<p>A fisioterapia na maioria das vezes \u00e9 indicada de forma imediata, onde inicialmente \u00e9 voltada para a cicatriza\u00e7\u00e3o e redu\u00e7\u00e3o do quadro inflamat\u00f3rio. O tratamento tem como objetivo recuperar a estabilidade muscular e amplitude de movimento. <\/p>\n","protected":false},"excerpt":{"rendered":"<p>Tornozelo &#8211; P\u00e9 A articula\u00e7\u00e3o do tornozelo \u00e9 formada pelos ossos da perna (t\u00edbia, f\u00edbula) e tatus. A les\u00e3o mais comum do [&hellip;]<\/p>\n","protected":false},"author":1,"featured_media":0,"parent":0,"menu_order":0,"comment_status":"closed","ping_status":"closed","template":"","meta":{"_monsterinsights_skip_tracking":false,"_monsterinsights_sitenote_active":false,"_monsterinsights_sitenote_note":"","_monsterinsights_sitenote_category":0,"footnotes":""},"aioseo_notices":[],"_links":{"self":[{"href":"https:\/\/limaexavier.com\/index.php\/wp-json\/wp\/v2\/pages\/116"}],"collection":[{"href":"https:\/\/limaexavier.com\/index.php\/wp-json\/wp\/v2\/pages"}],"about":[{"href":"https:\/\/limaexavier.com\/index.php\/wp-json\/wp\/v2\/types\/page"}],"author":[{"embeddable":true,"href":"https:\/\/limaexavier.com\/index.php\/wp-json\/wp\/v2\/users\/1"}],"replies":[{"embeddable":true,"href":"https:\/\/limaexavier.com\/index.php\/wp-json\/wp\/v2\/comments?post=116"}],"version-history":[{"count":1,"href":"https:\/\/limaexavier.com\/index.php\/wp-json\/wp\/v2\/pages\/116\/revisions"}],"predecessor-version":[{"id":119,"href":"https:\/\/limaexavier.com\/index.php\/wp-json\/wp\/v2\/pages\/116\/revisions\/119"}],"wp:attachment":[{"href":"https:\/\/limaexavier.com\/index.php\/wp-json\/wp\/v2\/media?parent=116"}],"curies":[{"name":"wp","href":"https:\/\/api.w.org\/{rel}","templated":true}]}}