{"id":113,"date":"2024-04-14T13:43:06","date_gmt":"2024-04-14T16:43:06","guid":{"rendered":"https:\/\/limaexavier.com\/?page_id=113"},"modified":"2024-09-25T19:00:18","modified_gmt":"2024-09-25T22:00:18","slug":"cotovelo","status":"publish","type":"page","link":"https:\/\/limaexavier.com\/index.php\/cotovelo\/","title":{"rendered":"Cotovelo"},"content":{"rendered":"<div class=\"wp-block-image is-style-sydney-rounded\">\n<figure class=\"aligncenter size-medium is-resized\"><img loading=\"lazy\" decoding=\"async\" width=\"300\" height=\"274\" src=\"https:\/\/limaexavier.com\/wp-content\/uploads\/2024\/04\/agnalda-logo-300x274.png\" alt=\"\" class=\"wp-image-35\" style=\"width:436px;height:auto\" srcset=\"https:\/\/limaexavier.com\/wp-content\/uploads\/2024\/04\/agnalda-logo-300x274.png 300w, https:\/\/limaexavier.com\/wp-content\/uploads\/2024\/04\/agnalda-logo-230x210.png 230w, https:\/\/limaexavier.com\/wp-content\/uploads\/2024\/04\/agnalda-logo-350x319.png 350w, https:\/\/limaexavier.com\/wp-content\/uploads\/2024\/04\/agnalda-logo-480x438.png 480w, https:\/\/limaexavier.com\/wp-content\/uploads\/2024\/04\/agnalda-logo.png 523w\" sizes=\"(max-width: 300px) 100vw, 300px\" \/><\/figure><\/div>\n\n\n<hr class=\"wp-block-separator has-alpha-channel-opacity\"\/>\n\n\n\n<div style=\"height:100px\" aria-hidden=\"true\" class=\"wp-block-spacer\"><\/div>\n\n\n\n<figure class=\"wp-block-gallery has-nested-images columns-default is-cropped wp-block-gallery-1 is-layout-flex wp-block-gallery-is-layout-flex\">\n<figure class=\"wp-block-image size-full\"><img loading=\"lazy\" decoding=\"async\" width=\"1600\" height=\"1069\" data-id=\"190\" src=\"https:\/\/limaexavier.com\/wp-content\/uploads\/2024\/09\/Cotovelo-2.jpeg\" alt=\"\" class=\"wp-image-190\" srcset=\"https:\/\/limaexavier.com\/wp-content\/uploads\/2024\/09\/Cotovelo-2.jpeg 1600w, https:\/\/limaexavier.com\/wp-content\/uploads\/2024\/09\/Cotovelo-2-300x200.jpeg 300w, https:\/\/limaexavier.com\/wp-content\/uploads\/2024\/09\/Cotovelo-2-1024x684.jpeg 1024w, https:\/\/limaexavier.com\/wp-content\/uploads\/2024\/09\/Cotovelo-2-768x513.jpeg 768w, https:\/\/limaexavier.com\/wp-content\/uploads\/2024\/09\/Cotovelo-2-1536x1026.jpeg 1536w, https:\/\/limaexavier.com\/wp-content\/uploads\/2024\/09\/Cotovelo-2-1000x668.jpeg 1000w, https:\/\/limaexavier.com\/wp-content\/uploads\/2024\/09\/Cotovelo-2-230x154.jpeg 230w, https:\/\/limaexavier.com\/wp-content\/uploads\/2024\/09\/Cotovelo-2-350x234.jpeg 350w, https:\/\/limaexavier.com\/wp-content\/uploads\/2024\/09\/Cotovelo-2-480x321.jpeg 480w\" sizes=\"(max-width: 1600px) 100vw, 1600px\" \/><\/figure>\n<\/figure>\n\n\n\n<h2 class=\"wp-block-heading\">Cotovelo<\/h2>\n\n\n\n<p>Uma les\u00e3o do cotovelo pode causar sintomas como dor, fraqueza, dorm\u00eancia, formigamento e limita\u00e7\u00e3o de amplitude de movimento.<\/p>\n\n\n\n<p>A causa mais comum de dor no cotovelo e trauma por impacto acidental. A dor pode dificultar as atividades rotineiras (comer, tomar banho, vestir-se, entre outros).<\/p>\n\n\n\n<hr class=\"wp-block-separator has-alpha-channel-opacity\"\/>\n","protected":false},"excerpt":{"rendered":"<p>Cotovelo Uma les\u00e3o do cotovelo pode causar sintomas como dor, fraqueza, dorm\u00eancia, formigamento e limita\u00e7\u00e3o de amplitude de movimento. A causa mais [&hellip;]<\/p>\n","protected":false},"author":1,"featured_media":0,"parent":0,"menu_order":0,"comment_status":"closed","ping_status":"closed","template":"","meta":{"_monsterinsights_skip_tracking":false,"_monsterinsights_sitenote_active":false,"_monsterinsights_sitenote_note":"","_monsterinsights_sitenote_category":0,"footnotes":""},"aioseo_notices":[],"_links":{"self":[{"href":"https:\/\/limaexavier.com\/index.php\/wp-json\/wp\/v2\/pages\/113"}],"collection":[{"href":"https:\/\/limaexavier.com\/index.php\/wp-json\/wp\/v2\/pages"}],"about":[{"href":"https:\/\/limaexavier.com\/index.php\/wp-json\/wp\/v2\/types\/page"}],"author":[{"embeddable":true,"href":"https:\/\/limaexavier.com\/index.php\/wp-json\/wp\/v2\/users\/1"}],"replies":[{"embeddable":true,"href":"https:\/\/limaexavier.com\/index.php\/wp-json\/wp\/v2\/comments?post=113"}],"version-history":[{"count":4,"href":"https:\/\/limaexavier.com\/index.php\/wp-json\/wp\/v2\/pages\/113\/revisions"}],"predecessor-version":[{"id":195,"href":"https:\/\/limaexavier.com\/index.php\/wp-json\/wp\/v2\/pages\/113\/revisions\/195"}],"wp:attachment":[{"href":"https:\/\/limaexavier.com\/index.php\/wp-json\/wp\/v2\/media?parent=113"}],"curies":[{"name":"wp","href":"https:\/\/api.w.org\/{rel}","templated":true}]}}