{"id":110,"date":"2024-04-14T13:38:43","date_gmt":"2024-04-14T16:38:43","guid":{"rendered":"https:\/\/limaexavier.com\/?page_id=110"},"modified":"2024-04-14T13:38:43","modified_gmt":"2024-04-14T16:38:43","slug":"quadril","status":"publish","type":"page","link":"https:\/\/limaexavier.com\/index.php\/quadril\/","title":{"rendered":"Quadril"},"content":{"rendered":"<div class=\"wp-block-image is-style-sydney-rounded\">\n<figure class=\"aligncenter size-medium is-resized\"><img loading=\"lazy\" decoding=\"async\" width=\"300\" height=\"274\" src=\"https:\/\/limaexavier.com\/wp-content\/uploads\/2024\/04\/agnalda-logo-300x274.png\" alt=\"\" class=\"wp-image-35\" style=\"width:436px;height:auto\" srcset=\"https:\/\/limaexavier.com\/wp-content\/uploads\/2024\/04\/agnalda-logo-300x274.png 300w, https:\/\/limaexavier.com\/wp-content\/uploads\/2024\/04\/agnalda-logo-230x210.png 230w, https:\/\/limaexavier.com\/wp-content\/uploads\/2024\/04\/agnalda-logo-350x319.png 350w, https:\/\/limaexavier.com\/wp-content\/uploads\/2024\/04\/agnalda-logo-480x438.png 480w, https:\/\/limaexavier.com\/wp-content\/uploads\/2024\/04\/agnalda-logo.png 523w\" sizes=\"(max-width: 300px) 100vw, 300px\" \/><\/figure><\/div>\n\n\n<hr class=\"wp-block-separator has-alpha-channel-opacity\"\/>\n\n\n\n<div style=\"height:100px\" aria-hidden=\"true\" class=\"wp-block-spacer\"><\/div>\n\n\n<div class=\"wp-block-image\">\n<figure class=\"aligncenter size-large\"><img loading=\"lazy\" decoding=\"async\" width=\"1024\" height=\"771\" src=\"https:\/\/limaexavier.com\/wp-content\/uploads\/2024\/04\/QUADRIL-1-1024x771.jpeg\" alt=\"\" class=\"wp-image-59\" srcset=\"https:\/\/limaexavier.com\/wp-content\/uploads\/2024\/04\/QUADRIL-1-1024x771.jpeg 1024w, https:\/\/limaexavier.com\/wp-content\/uploads\/2024\/04\/QUADRIL-1-300x226.jpeg 300w, https:\/\/limaexavier.com\/wp-content\/uploads\/2024\/04\/QUADRIL-1-768x578.jpeg 768w, https:\/\/limaexavier.com\/wp-content\/uploads\/2024\/04\/QUADRIL-1-1000x753.jpeg 1000w, https:\/\/limaexavier.com\/wp-content\/uploads\/2024\/04\/QUADRIL-1-230x173.jpeg 230w, https:\/\/limaexavier.com\/wp-content\/uploads\/2024\/04\/QUADRIL-1-350x264.jpeg 350w, https:\/\/limaexavier.com\/wp-content\/uploads\/2024\/04\/QUADRIL-1-480x361.jpeg 480w, https:\/\/limaexavier.com\/wp-content\/uploads\/2024\/04\/QUADRIL-1.jpeg 1036w\" sizes=\"(max-width: 1024px) 100vw, 1024px\" \/><\/figure><\/div>\n\n\n<h2 class=\"wp-block-heading\">Quadril<\/h2>\n\n\n\n<p>A articula\u00e7\u00e3o do quadril e formada entre a cabe\u00e7a esf\u00e9rica do f\u00eamur e o fundo soquete formado pelo acet\u00e1bulo da pelve.<\/p>\n\n\n\n<p>O quadril de um adulto idoso \u00e9 vulner\u00e1vel a doen\u00e7a articular degenerativa.<\/p>\n\n\n\n<p>A\u00a0 fisioterapia e de extrema import\u00e2ncia para a recupera\u00e7\u00e3o funcional do seu quadril. <\/p>\n","protected":false},"excerpt":{"rendered":"<p>Quadril A articula\u00e7\u00e3o do quadril e formada entre a cabe\u00e7a esf\u00e9rica do f\u00eamur e o fundo soquete formado pelo acet\u00e1bulo da pelve. [&hellip;]<\/p>\n","protected":false},"author":1,"featured_media":0,"parent":0,"menu_order":0,"comment_status":"closed","ping_status":"closed","template":"","meta":{"_monsterinsights_skip_tracking":false,"_monsterinsights_sitenote_active":false,"_monsterinsights_sitenote_note":"","_monsterinsights_sitenote_category":0,"footnotes":""},"aioseo_notices":[],"_links":{"self":[{"href":"https:\/\/limaexavier.com\/index.php\/wp-json\/wp\/v2\/pages\/110"}],"collection":[{"href":"https:\/\/limaexavier.com\/index.php\/wp-json\/wp\/v2\/pages"}],"about":[{"href":"https:\/\/limaexavier.com\/index.php\/wp-json\/wp\/v2\/types\/page"}],"author":[{"embeddable":true,"href":"https:\/\/limaexavier.com\/index.php\/wp-json\/wp\/v2\/users\/1"}],"replies":[{"embeddable":true,"href":"https:\/\/limaexavier.com\/index.php\/wp-json\/wp\/v2\/comments?post=110"}],"version-history":[{"count":1,"href":"https:\/\/limaexavier.com\/index.php\/wp-json\/wp\/v2\/pages\/110\/revisions"}],"predecessor-version":[{"id":111,"href":"https:\/\/limaexavier.com\/index.php\/wp-json\/wp\/v2\/pages\/110\/revisions\/111"}],"wp:attachment":[{"href":"https:\/\/limaexavier.com\/index.php\/wp-json\/wp\/v2\/media?parent=110"}],"curies":[{"name":"wp","href":"https:\/\/api.w.org\/{rel}","templated":true}]}}